{"id":34,"date":"2017-09-07T07:30:58","date_gmt":"2017-09-07T07:30:58","guid":{"rendered":"http:\/\/edicioneskraken.com\/wordpress\/?page_id=34"},"modified":"2019-09-10T08:37:03","modified_gmt":"2019-09-10T08:37:03","slug":"sobre-nosotros","status":"publish","type":"page","link":"https:\/\/edicioneskraken.com\/wordpress\/sobre-nosotros\/","title":{"rendered":"Sobre nosotros"},"content":{"rendered":"<div id=\"caja_cuartos\">\n<p><strong>Ediciones Kraken<\/strong>\u00a0es una editorial independiente de c\u00f3mics y novela gr\u00e1fica con m\u00e1s de diez a\u00f1os de trayectoria. Autores fundamentales en la historia del noveno arte y j\u00f3venes promesas aclamadas por la cr\u00edtica y el p\u00fablico conviven en nuestro cat\u00e1logo, grandes cl\u00e1sicos y novedosas propuestas independientes.<\/p>\n<p>Contamos con una amplia distribuci\u00f3n tanto a nivel nacional como internacional adem\u00e1s de disponer de venta online.<\/p>\n<\/div>\n<p>Si eres un autor de c\u00f3mic y tienes un proyecto que crees que puede interesarnos, env\u00edanoslo a: <a href=\"mailto:editor@edicioneskraken.com\">editor@edicioneskraken.com<\/a><\/p>\n<p>&nbsp;<\/p>\n<p>&nbsp;<\/p>\n<p>&nbsp;<\/p>\n","protected":false},"excerpt":{"rendered":"<p>Ediciones Kraken\u00a0es una editorial independiente de c\u00f3mics y novela gr\u00e1fica con m\u00e1s de diez a\u00f1os de trayectoria. Autores fundamentales en la historia del noveno arte y j\u00f3venes promesas aclamadas por la cr\u00edtica y el p\u00fablico conviven en nuestro cat\u00e1logo, grandes cl\u00e1sicos y novedosas propuestas independientes. Contamos con una amplia distribuci\u00f3n tanto a nivel nacional como&hellip; <\/p>\n","protected":false},"author":1,"featured_media":170,"parent":0,"menu_order":0,"comment_status":"closed","ping_status":"closed","template":"","meta":[],"_links":{"self":[{"href":"https:\/\/edicioneskraken.com\/wordpress\/wp-json\/wp\/v2\/pages\/34"}],"collection":[{"href":"https:\/\/edicioneskraken.com\/wordpress\/wp-json\/wp\/v2\/pages"}],"about":[{"href":"https:\/\/edicioneskraken.com\/wordpress\/wp-json\/wp\/v2\/types\/page"}],"author":[{"embeddable":true,"href":"https:\/\/edicioneskraken.com\/wordpress\/wp-json\/wp\/v2\/users\/1"}],"replies":[{"embeddable":true,"href":"https:\/\/edicioneskraken.com\/wordpress\/wp-json\/wp\/v2\/comments?post=34"}],"version-history":[{"count":3,"href":"https:\/\/edicioneskraken.com\/wordpress\/wp-json\/wp\/v2\/pages\/34\/revisions"}],"predecessor-version":[{"id":301,"href":"https:\/\/edicioneskraken.com\/wordpress\/wp-json\/wp\/v2\/pages\/34\/revisions\/301"}],"wp:featuredmedia":[{"embeddable":true,"href":"https:\/\/edicioneskraken.com\/wordpress\/wp-json\/wp\/v2\/media\/170"}],"wp:attachment":[{"href":"https:\/\/edicioneskraken.com\/wordpress\/wp-json\/wp\/v2\/media?parent=34"}],"curies":[{"name":"wp","href":"https:\/\/api.w.org\/{rel}","templated":true}]}}